{"id":3261,"date":"2016-09-21T11:37:14","date_gmt":"2016-09-21T09:37:14","guid":{"rendered":"https:\/\/www.nostalgic.de\/?post_type=product&#038;p=3261"},"modified":"2026-05-07T01:12:48","modified_gmt":"2026-05-06T23:12:48","slug":"tuscany-gran-premio-nuvolari","status":"publish","type":"product","link":"https:\/\/www.nostalgic.de\/en\/destinations\/tuscany-gran-premio-nuvolari\/","title":{"rendered":"Tuscany: Gran Premio Nuvolari Live"},"content":{"rendered":"<h2>Cypress avenues, vineyards and the classic car rallye Gran Premio Nuvolari<\/h2>\n<h3>Day 1:  Welcome to Chiantishire<\/h3>\n<p class=\"translation-block\">You will be expected by our tour guides at Florence Airport and escorted to your hotel. You will get to know your fellow travelers over an aperitif, after which you will receive a detailed introduction to the vehicles and the use of the road book. The country roads of <strong> Chianti <\/strong> have little traffic and are a good way to get to know your Alfa Romeo. Our team will provide you with the latest addresses and insider tips for your individual dinners in Siena.<\/p>\n<h3>Day 2:  Pienza and Crete Senesi<\/h3>\n<p>Today's route is lined up with a <strong>classic postcard motive<\/strong> to the other.\u00a0In the southwest of Siena, winding country roads are repeatedly interrupted by small hamlets such as Ville di Corsano, Radi, San Giovanni d'Asso.\u00a0Partly along the old Roman road Via Cassia, you reach Pienza, the home of the <strong>\u201ePecorino di Pienza\u201c<\/strong>. For your lunch break, either the one from <strong>Papst Pius II.<\/strong> small town converted into the ideal of a medieval town; or neighbouring Montalcino, made world-famous by the <strong>\u201eBrunello di\u00a0Montalcino\u201c<\/strong>, enthroned in a unique panoramic position amidst vineyards.\u00a0The highlight of the afternoon is the crater landscape of the<strong> Crete Senesi<\/strong>, steeply sloping clay soils, on whose ridge the country road winds along.<\/p>\n<h3>Day 3:  Gran Premio Nuvolari roaring through Tuscany<\/h3>\n<p>The pretty sister of the Mille Miglia is coming to Tuscany. The exact route of the <strong>Gran Premio<\/strong> is not yet known, but one thing is certain: today you will experience automotive history within reach. Approx. 280 teams will fight for the prestigious victory at the Gran Premio Nuvolari over 1,000 km. In Siena, the participants drive over the beautiful <strong>Piazza Il Campo<\/strong>, which gives you the opportunity to get up close and personal with the valuable racing cars. The highlight is the ride in the <strong>Alfa Romeo Spider among the racing teams<\/strong>, let the spectators at the roadside cheer you on and enjoy the unique flair.\u00a0In the evening we accompany you to an insider's tip of Tuscan cuisine.<\/p>\n<h3>Day 4: Across Chiantishire at the wheel of an Alfa Romeo<\/h3>\n<p>One of the best known <strong>Wine regions<\/strong> Italy bears the black rooster on its coat of arms: We are talking about the <strong>Chianti Classico<\/strong>. On the wooded hills between Siena and Florence, wine was already cultivated in Roman times. At the beginning of the 20th century, 33 winegrowers gathered to have their wine and the name \"Chianti Classico\" protected from imitators. Via Radda, Greve and Castellina in Chianti you return to your hotel, where you say goodbye to \"your\" Alfa Romeos.<\/p>\n<p><em>* sharing a double room\/ sharing a car<\/em><br \/>\n<i>** <em>\u00a0The date, program and routes of the Gran Premio Nuvolari 2024 are not yet officially confirmed.<\/em><\/i><br \/>\n<div class=\"call-to-action-bar\">\r\n                <p class=\"call-to-action-txt\">At a glance: All travel destinations &amp; dates in our free brochure.<\/p>\r\n                <a href=\"https:\/\/www.nostalgic.de\/en\/order-brochure-2\/\" class=\"call-to-action-btn ct-link-button nostalgic-button-home nostalgic-button-home-red\">REQUEST TRAVEL BROCHURE<\/a>\r\n            <\/div><br \/>\n<em>\u00a0<\/em><\/p>","protected":false},"excerpt":{"rendered":"<p>This trip includes all the highlights of a vintage car trip to southern Tuscany: breathtaking landscapes, delicious food, and a classic rally of its own. Tazio Nuvolari was a racing legend during his lifetime, and in his honour the course of Mille Miglia was modified with part of the race now being held as \u201cGran Premio Nuvolari\u201d. This trip across autumnal Tuscany allows you to see the historic Mille Miglia race cars at the remake of the \u201cGran Premio Nuvolari\u201d.<\/p>","protected":false},"featured_media":6091,"comment_status":"open","ping_status":"closed","template":"","meta":{"_acf_changed":false},"product_cat":[53],"product_tag":[],"acf":[],"yoast_head":"<!-- This site is optimized with the Yoast SEO plugin v22.1 - https:\/\/yoast.com\/wordpress\/plugins\/seo\/ -->\n<title>Toskana: Gran Premio Nuvolari live erleben - NOSTALGIC<\/title>\n<meta name=\"robots\" content=\"index, follow, max-snippet:-1, max-image-preview:large, max-video-preview:-1\" \/>\n<link rel=\"canonical\" href=\"https:\/\/www.nostalgic.de\/en\/destinations\/tuscany-gran-premio-nuvolari\/\" \/>\n<meta property=\"og:locale\" content=\"en_GB\" \/>\n<meta property=\"og:type\" content=\"article\" \/>\n<meta property=\"og:title\" content=\"Toskana: Gran Premio Nuvolari live erleben - NOSTALGIC\" \/>\n<meta property=\"og:description\" content=\"Diese Reise enth\u00e4lt alle Highlights einer Oldtimerreise in der s\u00fcdlichen Toskana. Zus\u00e4tzlich erleben Sie das historische Autorennen &quot;Gran Premio Nuvolari&quot; in der herbstlichen Toskana - automobile Geschichte zum Greifen nah! H\u00f6hepunkt ist die Fahrt im Alfa Romeo Spider inmitten der Rennteams.\" \/>\n<meta property=\"og:url\" content=\"https:\/\/www.nostalgic.de\/en\/destinations\/tuscany-gran-premio-nuvolari\/\" \/>\n<meta property=\"og:site_name\" content=\"NOSTALGIC\" \/>\n<meta property=\"article:modified_time\" content=\"2026-05-06T23:12:48+00:00\" \/>\n<meta property=\"og:image\" content=\"https:\/\/www.nostalgic.de\/wp-content\/uploads\/location-description-needed\/Nostalgic-Alfa-Romeo-Oldtimertour-Mai-2014-84-e1442391714625.jpg\" \/>\n\t<meta property=\"og:image:width\" content=\"860\" \/>\n\t<meta property=\"og:image:height\" content=\"361\" \/>\n\t<meta property=\"og:image:type\" content=\"image\/jpeg\" \/>\n<meta name=\"twitter:card\" content=\"summary_large_image\" \/>\n<meta name=\"twitter:label1\" content=\"Estimated reading time\" \/>\n\t<meta name=\"twitter:data1\" content=\"3 minutes\" \/>\n<script type=\"application\/ld+json\" class=\"yoast-schema-graph\">{\"@context\":\"https:\/\/schema.org\",\"@graph\":[{\"@type\":\"WebPage\",\"@id\":\"https:\/\/www.nostalgic.de\/reiseziele\/toskana-zu-gast-beim-gran-premio-nuvolari\/\",\"url\":\"https:\/\/www.nostalgic.de\/reiseziele\/toskana-zu-gast-beim-gran-premio-nuvolari\/\",\"name\":\"Toskana: Gran Premio Nuvolari live erleben - NOSTALGIC\",\"isPartOf\":{\"@id\":\"https:\/\/www.nostalgic.de\/en\/#website\"},\"datePublished\":\"2016-09-21T09:37:14+00:00\",\"dateModified\":\"2026-05-06T23:12:48+00:00\",\"breadcrumb\":{\"@id\":\"https:\/\/www.nostalgic.de\/reiseziele\/toskana-zu-gast-beim-gran-premio-nuvolari\/#breadcrumb\"},\"inLanguage\":\"en-GB\",\"potentialAction\":[{\"@type\":\"ReadAction\",\"target\":[\"https:\/\/www.nostalgic.de\/reiseziele\/toskana-zu-gast-beim-gran-premio-nuvolari\/\"]}]},{\"@type\":\"BreadcrumbList\",\"@id\":\"https:\/\/www.nostalgic.de\/reiseziele\/toskana-zu-gast-beim-gran-premio-nuvolari\/#breadcrumb\",\"itemListElement\":[{\"@type\":\"ListItem\",\"position\":1,\"name\":\"Home\",\"item\":\"https:\/\/www.nostalgic.de\/en\/\"},{\"@type\":\"ListItem\",\"position\":2,\"name\":\"Reiseziele\",\"item\":\"https:\/\/www.nostalgic.de\/en\/destinations\/\"},{\"@type\":\"ListItem\",\"position\":3,\"name\":\"Toskana: Gran Premio Nuvolari live erleben\"}]},{\"@type\":\"WebSite\",\"@id\":\"https:\/\/www.nostalgic.de\/en\/#website\",\"url\":\"https:\/\/www.nostalgic.de\/en\/\",\"name\":\"NOSTALGIC\",\"description\":\"Oldtimerreisen\",\"potentialAction\":[{\"@type\":\"SearchAction\",\"target\":{\"@type\":\"EntryPoint\",\"urlTemplate\":\"https:\/\/www.nostalgic.de\/en\/?s={search_term_string}\"},\"query-input\":\"required name=search_term_string\"}],\"inLanguage\":\"en-GB\"}]}<\/script>\n<!-- \/ Yoast SEO plugin. -->","yoast_head_json":{"title":"Toskana: Gran Premio Nuvolari live erleben - NOSTALGIC","robots":{"index":"index","follow":"follow","max-snippet":"max-snippet:-1","max-image-preview":"max-image-preview:large","max-video-preview":"max-video-preview:-1"},"canonical":"https:\/\/www.nostalgic.de\/en\/destinations\/tuscany-gran-premio-nuvolari\/","og_locale":"en_GB","og_type":"article","og_title":"Toskana: Gran Premio Nuvolari live erleben - NOSTALGIC","og_description":"Diese Reise enth\u00e4lt alle Highlights einer Oldtimerreise in der s\u00fcdlichen Toskana. Zus\u00e4tzlich erleben Sie das historische Autorennen \"Gran Premio Nuvolari\" in der herbstlichen Toskana - automobile Geschichte zum Greifen nah! H\u00f6hepunkt ist die Fahrt im Alfa Romeo Spider inmitten der Rennteams.","og_url":"https:\/\/www.nostalgic.de\/en\/destinations\/tuscany-gran-premio-nuvolari\/","og_site_name":"NOSTALGIC","article_modified_time":"2026-05-06T23:12:48+00:00","og_image":[{"width":860,"height":361,"url":"https:\/\/www.nostalgic.de\/wp-content\/uploads\/location-description-needed\/Nostalgic-Alfa-Romeo-Oldtimertour-Mai-2014-84-e1442391714625.jpg","type":"image\/jpeg"}],"twitter_card":"summary_large_image","twitter_misc":{"Estimated reading time":"3 minutes"},"schema":{"@context":"https:\/\/schema.org","@graph":[{"@type":"WebPage","@id":"https:\/\/www.nostalgic.de\/reiseziele\/toskana-zu-gast-beim-gran-premio-nuvolari\/","url":"https:\/\/www.nostalgic.de\/reiseziele\/toskana-zu-gast-beim-gran-premio-nuvolari\/","name":"Toskana: Gran Premio Nuvolari live erleben - NOSTALGIC","isPartOf":{"@id":"https:\/\/www.nostalgic.de\/en\/#website"},"datePublished":"2016-09-21T09:37:14+00:00","dateModified":"2026-05-06T23:12:48+00:00","breadcrumb":{"@id":"https:\/\/www.nostalgic.de\/reiseziele\/toskana-zu-gast-beim-gran-premio-nuvolari\/#breadcrumb"},"inLanguage":"en-GB","potentialAction":[{"@type":"ReadAction","target":["https:\/\/www.nostalgic.de\/reiseziele\/toskana-zu-gast-beim-gran-premio-nuvolari\/"]}]},{"@type":"BreadcrumbList","@id":"https:\/\/www.nostalgic.de\/reiseziele\/toskana-zu-gast-beim-gran-premio-nuvolari\/#breadcrumb","itemListElement":[{"@type":"ListItem","position":1,"name":"Home","item":"https:\/\/www.nostalgic.de\/en\/"},{"@type":"ListItem","position":2,"name":"Reiseziele","item":"https:\/\/www.nostalgic.de\/en\/destinations\/"},{"@type":"ListItem","position":3,"name":"Toskana: Gran Premio Nuvolari live erleben"}]},{"@type":"WebSite","@id":"https:\/\/www.nostalgic.de\/en\/#website","url":"https:\/\/www.nostalgic.de\/en\/","name":"NOSTALGIC","description":"Oldtimerreisen","potentialAction":[{"@type":"SearchAction","target":{"@type":"EntryPoint","urlTemplate":"https:\/\/www.nostalgic.de\/en\/?s={search_term_string}"},"query-input":"required name=search_term_string"}],"inLanguage":"en-GB"}]}},"_links":{"self":[{"href":"https:\/\/www.nostalgic.de\/en\/wp-json\/wp\/v2\/product\/3261"}],"collection":[{"href":"https:\/\/www.nostalgic.de\/en\/wp-json\/wp\/v2\/product"}],"about":[{"href":"https:\/\/www.nostalgic.de\/en\/wp-json\/wp\/v2\/types\/product"}],"replies":[{"embeddable":true,"href":"https:\/\/www.nostalgic.de\/en\/wp-json\/wp\/v2\/comments?post=3261"}],"wp:featuredmedia":[{"embeddable":true,"href":"https:\/\/www.nostalgic.de\/en\/wp-json\/wp\/v2\/media\/6091"}],"wp:attachment":[{"href":"https:\/\/www.nostalgic.de\/en\/wp-json\/wp\/v2\/media?parent=3261"}],"wp:term":[{"taxonomy":"product_cat","embeddable":true,"href":"https:\/\/www.nostalgic.de\/en\/wp-json\/wp\/v2\/product_cat?post=3261"},{"taxonomy":"product_tag","embeddable":true,"href":"https:\/\/www.nostalgic.de\/en\/wp-json\/wp\/v2\/product_tag?post=3261"}],"curies":[{"name":"wp","href":"https:\/\/api.w.org\/{rel}","templated":true}]}}