{"id":10659,"date":"2019-02-05T16:04:51","date_gmt":"2019-02-05T15:04:51","guid":{"rendered":"https:\/\/www.nostalgic.de\/?post_type=product&#038;p=10659"},"modified":"2025-12-16T15:07:26","modified_gmt":"2025-12-16T14:07:26","slug":"targa-florio-tribute-tour-sicily","status":"publish","type":"product","link":"https:\/\/www.nostalgic.de\/en\/destinations\/targa-florio-tribute-tour-sicily\/","title":{"rendered":"Sicily: Targa Florio live"},"content":{"rendered":"<h2>Targa Florio Classic \u2013 winding mountain roads and picturesque coastal villages<\/h2>\n<h3><strong>Day 1: Arrival in Palermo<\/strong><\/h3>\n<p class=\"translation-block\">We await you at the 'Falcone e Borsellino' airport outside of Palermo and accompany you to the beating heart of the Sicilian capital. Your <strong>Boutique Hotel \"Quinto Canto\"<\/strong> is located in an old noble palace in the middle of the old town of Palermo, on the \"Quattro Canti\" surrounded by baroque architecture. After checking in, you will get to know the most important sights on an extensive guided tour. We end the first day with a traditional Sicilian dinner in the old town.<\/p>\n<h3><strong>Day 2: Start of the \"Targa Florio\" in Palermo<\/strong><\/h3>\n<p class=\"translation-block\">We make our way early to the <strong> \u201cMuseo Storico dei Motori e dei Meccanismi\u201d<\/strong>. The <strong>paddock and the starting ramp<\/strong> are housed on the extensive university campus. The first day of the race is the perfect moment to get up close and personal with the participating sports cars and teams. We will then drive you to the <strong>\"Vallegrande Nature Resort\"<\/strong> in Cefal\u00f9. \"Your\" Alfa Romeo Spiders are already waiting for you here for the first drive, where you will meet the Targa Florio teams on their afternoon stage towards Palermo.<\/p>\n<h3><strong>Day 3: The Gran Circuito delle Madonie<\/strong><\/h3>\n<p class=\"translation-block\">After breakfast, choose your favorite Alfa Romeo and we drive to the Madonie mountains. In Floriopoli we pass the <strong>historic grandstands with the former pit lanes of the Targa Florio<\/strong>. The perfect place to experience the passage of the participating sports cars and vintage cars. Then you start on along nearly endless serpentine roads in the mountains, far beyond the tree line! At an altitude of 2,000 meters you follow the original circuit of the race, the so-called <strong>\"Circuito delle Madonie\"<\/strong>. Our lunch stop Collesano is a small Sicilian town submerged in picturesque landscape, cobblestone streets, churches and chapels. In the local <strong>Targa Florio Museum<\/strong>, the history, triumphs and tragedies of the Targa Florio are meticulously retold with great passion.<\/p>\n<h3><strong>Day 4: The Madonie Nature Park<\/strong><\/h3>\n<p class=\"translation-block\">We are drawn to the gracefulness of the rugged mountains and gorges of the Madonie. Let the sporty heart of our Alfa Romeo run free today and conquer the country roads on which the Milanese brand was extremely successful for decades. Be prepared to encounter flocks of sheep and deer more often than oncoming traffic. You'll love the winding country roads and small towns where Alfa Romeo racing cars triumphed in the Targa Florio's early decades. Whether it's <strong>Cerda<\/strong> or <strong>Caltavulturo<\/strong>, <strong>Polizzi Generosa<\/strong> or <strong>Castelbuono<\/strong>, you are warmly welcomed everywhere in an Alfa Romeo Giulietta Spider. In the evening you can enjoy the experiences of the day over dinner together in the old town of Cefal\u00f9.<\/p>\n<h3><strong>Day 5: Cefal\u00f9 and the Coastal Roads<\/strong><\/h3>\n<p class=\"translation-block\">Today, after breakfast and check-out, enjoy the coast of Cefal\u00f9 heading east to Santo Stefano di Camastra. The last few kilometers are also <strong>picture-perfect<\/strong> before you say goodbye to \"your\" Alfa Romeo Spiders. In the afternoon we will escort you back to Palermo airport for your individual return journey.<\/p>\n<p>&nbsp;<\/p>\n<p>* <em>\u00a0Price per person sharing a double room and a classic car. <\/em><\/p>","protected":false},"excerpt":{"rendered":"<p>This journey to the re-edition of the famous Targa Florio takes you to Sicily. The starting point is Palermo, from here the classic car rally runs in daily stages. We will show you one of the most exciting metropolises in Europe and follow the Targa Florio convoy through the \"Circuito delle Madonie\"<\/p>","protected":false},"featured_media":12262,"comment_status":"open","ping_status":"closed","template":"","meta":{"_acf_changed":false},"product_cat":[53],"product_tag":[],"acf":[],"yoast_head":"<!-- This site is optimized with the Yoast SEO plugin v22.1 - https:\/\/yoast.com\/wordpress\/plugins\/seo\/ -->\n<title>Sizilien: Targa Florio Classic - NOSTALGIC<\/title>\n<meta name=\"robots\" content=\"index, follow, max-snippet:-1, max-image-preview:large, max-video-preview:-1\" \/>\n<link rel=\"canonical\" href=\"https:\/\/www.nostalgic.de\/en\/destinations\/targa-florio-tribute-tour-sicily\/\" \/>\n<meta property=\"og:locale\" content=\"en_GB\" \/>\n<meta property=\"og:type\" content=\"article\" \/>\n<meta property=\"og:title\" content=\"Sizilien: Targa Florio Classic - NOSTALGIC\" \/>\n<meta property=\"og:description\" content=\"Diese Reise zur Wiederauflage der ber\u00fchmten Targa Florio f\u00fchrt Sie nach Sizilien. Ausgangspunkt ist Palermo, von hier aus verl\u00e4uft die Oldtimerrallye in Tagesetappen. Wir zeigen Ihnen eine der aufregendsten Metropolen Europas und folgen dem Targa Florio Tross durch den &quot;Circuito delle Madonie&quot;...\" \/>\n<meta property=\"og:url\" content=\"https:\/\/www.nostalgic.de\/en\/destinations\/targa-florio-tribute-tour-sicily\/\" \/>\n<meta property=\"og:site_name\" content=\"NOSTALGIC\" \/>\n<meta property=\"article:modified_time\" content=\"2025-12-16T14:07:26+00:00\" \/>\n<meta property=\"og:image\" content=\"https:\/\/www.nostalgic.de\/wp-content\/uploads\/classic-car-rallies\/sicily-targa-florio\/nostalgic-oldtimerreise-zur-targa-florio-in-sizilien-2019-6.jpeg\" \/>\n\t<meta property=\"og:image:width\" content=\"1600\" \/>\n\t<meta property=\"og:image:height\" content=\"1200\" \/>\n\t<meta property=\"og:image:type\" content=\"image\/jpeg\" \/>\n<meta name=\"twitter:card\" content=\"summary_large_image\" \/>\n<meta name=\"twitter:label1\" content=\"Estimated reading time\" \/>\n\t<meta name=\"twitter:data1\" content=\"3 minutes\" \/>\n<script type=\"application\/ld+json\" class=\"yoast-schema-graph\">{\"@context\":\"https:\/\/schema.org\",\"@graph\":[{\"@type\":\"WebPage\",\"@id\":\"https:\/\/www.nostalgic.de\/reiseziele\/targa-florio-classic\/\",\"url\":\"https:\/\/www.nostalgic.de\/reiseziele\/targa-florio-classic\/\",\"name\":\"Sizilien: Targa Florio Classic - NOSTALGIC\",\"isPartOf\":{\"@id\":\"https:\/\/www.nostalgic.de\/en\/#website\"},\"datePublished\":\"2019-02-05T15:04:51+00:00\",\"dateModified\":\"2025-12-16T14:07:26+00:00\",\"breadcrumb\":{\"@id\":\"https:\/\/www.nostalgic.de\/reiseziele\/targa-florio-classic\/#breadcrumb\"},\"inLanguage\":\"en-GB\",\"potentialAction\":[{\"@type\":\"ReadAction\",\"target\":[\"https:\/\/www.nostalgic.de\/reiseziele\/targa-florio-classic\/\"]}]},{\"@type\":\"BreadcrumbList\",\"@id\":\"https:\/\/www.nostalgic.de\/reiseziele\/targa-florio-classic\/#breadcrumb\",\"itemListElement\":[{\"@type\":\"ListItem\",\"position\":1,\"name\":\"Home\",\"item\":\"https:\/\/www.nostalgic.de\/en\/\"},{\"@type\":\"ListItem\",\"position\":2,\"name\":\"Reiseziele\",\"item\":\"https:\/\/www.nostalgic.de\/en\/destinations\/\"},{\"@type\":\"ListItem\",\"position\":3,\"name\":\"Sizilien: Targa Florio Classic\"}]},{\"@type\":\"WebSite\",\"@id\":\"https:\/\/www.nostalgic.de\/en\/#website\",\"url\":\"https:\/\/www.nostalgic.de\/en\/\",\"name\":\"NOSTALGIC\",\"description\":\"Oldtimerreisen\",\"potentialAction\":[{\"@type\":\"SearchAction\",\"target\":{\"@type\":\"EntryPoint\",\"urlTemplate\":\"https:\/\/www.nostalgic.de\/en\/?s={search_term_string}\"},\"query-input\":\"required name=search_term_string\"}],\"inLanguage\":\"en-GB\"}]}<\/script>\n<!-- \/ Yoast SEO plugin. -->","yoast_head_json":{"title":"Sizilien: Targa Florio Classic - NOSTALGIC","robots":{"index":"index","follow":"follow","max-snippet":"max-snippet:-1","max-image-preview":"max-image-preview:large","max-video-preview":"max-video-preview:-1"},"canonical":"https:\/\/www.nostalgic.de\/en\/destinations\/targa-florio-tribute-tour-sicily\/","og_locale":"en_GB","og_type":"article","og_title":"Sizilien: Targa Florio Classic - NOSTALGIC","og_description":"Diese Reise zur Wiederauflage der ber\u00fchmten Targa Florio f\u00fchrt Sie nach Sizilien. Ausgangspunkt ist Palermo, von hier aus verl\u00e4uft die Oldtimerrallye in Tagesetappen. Wir zeigen Ihnen eine der aufregendsten Metropolen Europas und folgen dem Targa Florio Tross durch den \"Circuito delle Madonie\"...","og_url":"https:\/\/www.nostalgic.de\/en\/destinations\/targa-florio-tribute-tour-sicily\/","og_site_name":"NOSTALGIC","article_modified_time":"2025-12-16T14:07:26+00:00","og_image":[{"width":1600,"height":1200,"url":"https:\/\/www.nostalgic.de\/wp-content\/uploads\/classic-car-rallies\/sicily-targa-florio\/nostalgic-oldtimerreise-zur-targa-florio-in-sizilien-2019-6.jpeg","type":"image\/jpeg"}],"twitter_card":"summary_large_image","twitter_misc":{"Estimated reading time":"3 minutes"},"schema":{"@context":"https:\/\/schema.org","@graph":[{"@type":"WebPage","@id":"https:\/\/www.nostalgic.de\/reiseziele\/targa-florio-classic\/","url":"https:\/\/www.nostalgic.de\/reiseziele\/targa-florio-classic\/","name":"Sizilien: Targa Florio Classic - NOSTALGIC","isPartOf":{"@id":"https:\/\/www.nostalgic.de\/en\/#website"},"datePublished":"2019-02-05T15:04:51+00:00","dateModified":"2025-12-16T14:07:26+00:00","breadcrumb":{"@id":"https:\/\/www.nostalgic.de\/reiseziele\/targa-florio-classic\/#breadcrumb"},"inLanguage":"en-GB","potentialAction":[{"@type":"ReadAction","target":["https:\/\/www.nostalgic.de\/reiseziele\/targa-florio-classic\/"]}]},{"@type":"BreadcrumbList","@id":"https:\/\/www.nostalgic.de\/reiseziele\/targa-florio-classic\/#breadcrumb","itemListElement":[{"@type":"ListItem","position":1,"name":"Home","item":"https:\/\/www.nostalgic.de\/en\/"},{"@type":"ListItem","position":2,"name":"Reiseziele","item":"https:\/\/www.nostalgic.de\/en\/destinations\/"},{"@type":"ListItem","position":3,"name":"Sizilien: Targa Florio Classic"}]},{"@type":"WebSite","@id":"https:\/\/www.nostalgic.de\/en\/#website","url":"https:\/\/www.nostalgic.de\/en\/","name":"NOSTALGIC","description":"Oldtimerreisen","potentialAction":[{"@type":"SearchAction","target":{"@type":"EntryPoint","urlTemplate":"https:\/\/www.nostalgic.de\/en\/?s={search_term_string}"},"query-input":"required name=search_term_string"}],"inLanguage":"en-GB"}]}},"_links":{"self":[{"href":"https:\/\/www.nostalgic.de\/en\/wp-json\/wp\/v2\/product\/10659"}],"collection":[{"href":"https:\/\/www.nostalgic.de\/en\/wp-json\/wp\/v2\/product"}],"about":[{"href":"https:\/\/www.nostalgic.de\/en\/wp-json\/wp\/v2\/types\/product"}],"replies":[{"embeddable":true,"href":"https:\/\/www.nostalgic.de\/en\/wp-json\/wp\/v2\/comments?post=10659"}],"wp:featuredmedia":[{"embeddable":true,"href":"https:\/\/www.nostalgic.de\/en\/wp-json\/wp\/v2\/media\/12262"}],"wp:attachment":[{"href":"https:\/\/www.nostalgic.de\/en\/wp-json\/wp\/v2\/media?parent=10659"}],"wp:term":[{"taxonomy":"product_cat","embeddable":true,"href":"https:\/\/www.nostalgic.de\/en\/wp-json\/wp\/v2\/product_cat?post=10659"},{"taxonomy":"product_tag","embeddable":true,"href":"https:\/\/www.nostalgic.de\/en\/wp-json\/wp\/v2\/product_tag?post=10659"}],"curies":[{"name":"wp","href":"https:\/\/api.w.org\/{rel}","templated":true}]}}